{"id":603,"date":"2023-06-15T11:43:22","date_gmt":"2023-06-15T11:43:22","guid":{"rendered":"https:\/\/morphology.hu\/?page_id=603"},"modified":"2023-06-15T14:40:39","modified_gmt":"2023-06-15T14:40:39","slug":"blog","status":"publish","type":"page","link":"https:\/\/morphology.hu\/index.php\/blog\/","title":{"rendered":"Blog"},"content":{"rendered":"<p>[et_pb_section fb_built=&#8221;1&#8243; _builder_version=&#8221;4.21.0&#8243; _module_preset=&#8221;default&#8221; background_color=&#8221;#90a2a6&#8243; background_enable_image=&#8221;off&#8221; parallax=&#8221;on&#8221; custom_padding=&#8221;||120px|||&#8221; animation_style=&#8221;zoom&#8221; animation_intensity_zoom=&#8221;4%&#8221; global_colors_info=&#8221;{}&#8221;][et_pb_row _builder_version=&#8221;4.21.0&#8243; _module_preset=&#8221;default&#8221; global_colors_info=&#8221;{}&#8221;][et_pb_column type=&#8221;4_4&#8243; _builder_version=&#8221;4.21.0&#8243; _module_preset=&#8221;default&#8221; global_colors_info=&#8221;{}&#8221;][et_pb_text admin_label=&#8221;Discover Beatuty Title&#8221; _builder_version=&#8221;4.21.0&#8243; text_font=&#8221;||||&#8221; text_text_color=&#8221;#1a1a1a&#8221; header_font=&#8221;Oswald|on||on|&#8221; header_text_align=&#8221;left&#8221; header_font_size=&#8221;60px&#8221; header_line_height=&#8221;1.3em&#8221; header_2_font=&#8221;Poppins|700||on|||||&#8221; header_2_letter_spacing=&#8221;5px&#8221; header_2_line_height=&#8221;1.3em&#8221; animation_style=&#8221;slide&#8221; animation_direction=&#8221;%22fade_in%22&#8243; animation_duration=&#8221;500ms&#8221; animation_intensity_slide=&#8221;10%&#8221; global_colors_info=&#8221;{}&#8221;]<\/p>\n<h2 style=\"text-align: left;\">Blog<\/h2>\n<p>[\/et_pb_text][et_pb_text admin_label=&#8221;Discover Beatuty Sub Title&#8221; _builder_version=&#8221;4.21.0&#8243; text_font=&#8221;Roboto||||&#8221; text_text_color=&#8221;#1a1a1a&#8221; text_font_size=&#8221;24px&#8221; text_line_height=&#8221;1.4em&#8221; header_3_font=&#8221;|||on|||||&#8221; header_3_font_size=&#8221;20px&#8221; header_3_letter_spacing=&#8221;3px&#8221; header_3_line_height=&#8221;1.7em&#8221; animation_style=&#8221;slide&#8221; animation_direction=&#8221;top&#8221; animation_delay=&#8221;100ms&#8221; animation_intensity_slide=&#8221;10%&#8221; global_colors_info=&#8221;{}&#8221;]<\/p>\n<h3 style=\"text-align: left;\">\u00dcdv\u00f6z\u00f6llek a blogon!<\/h3>\n<p>[\/et_pb_text][et_pb_divider color=&#8221;#000000&#8243; divider_position=&#8221;center&#8221; divider_weight=&#8221;1px&#8221; disabled_on=&#8221;off|off|off&#8221; _builder_version=&#8221;4.21.0&#8243; max_width=&#8221;100px&#8221; height=&#8221;false&#8221; animation_style=&#8221;slide&#8221; animation_direction=&#8221;top&#8221; animation_delay=&#8221;200ms&#8221; animation_intensity_slide=&#8221;10%&#8221; global_colors_info=&#8221;{}&#8221;][\/et_pb_divider][et_pb_text _builder_version=&#8221;4.21.0&#8243; _module_preset=&#8221;default&#8221; text_font_size=&#8221;15px&#8221; header_4_font=&#8221;Open Sans|300|||||||&#8221; header_4_font_size=&#8221;20px&#8221; header_4_letter_spacing=&#8221;3px&#8221; header_4_line_height=&#8221;1.3em&#8221; global_colors_info=&#8221;{}&#8221;]<\/p>\n<h4 style=\"text-align: left;\">Hiszek abban, hogy minden, ami ir\u00e1nt \u00e9rdekl\u0151d\u00fcnk, el\u0151bb-ut\u00f3bb egy eg\u00e9ssz\u00e9 \u00e1ll \u00f6ssze. Ezen a blogon \u00e9ppen ez\u00e9rt k\u00fcl\u00f6nb\u00f6z\u0151 t\u00e9m\u00e1kr\u00f3l fogok \u00edrni, amik inspir\u00e1lnak a munk\u00e1mban, f\u0151leg sz\u00ednekr\u0151l, design-r\u00f3l, vizualit\u00e1sr\u00f3l, vagy ak\u00e1r egy-egy utaz\u00e1sr\u00f3l.<\/h4>\n<p>[\/et_pb_text][\/et_pb_column][\/et_pb_row][et_pb_row _builder_version=&#8221;4.21.0&#8243; _module_preset=&#8221;default&#8221; global_colors_info=&#8221;{}&#8221;][et_pb_column type=&#8221;4_4&#8243; _builder_version=&#8221;4.21.0&#8243; _module_preset=&#8221;default&#8221; global_colors_info=&#8221;{}&#8221;][et_pb_blog fullwidth=&#8221;off&#8221; posts_number=&#8221;100&#8243; include_categories=&#8221;all&#8221; excerpt_length=&#8221;200&#8243; show_author=&#8221;off&#8221; show_categories=&#8221;off&#8221; show_pagination=&#8221;off&#8221; use_overlay=&#8221;on&#8221; overlay_icon_color=&#8221;#000000&#8243; hover_overlay_color=&#8221;rgba(144,162,166,0.64)&#8221; hover_icon=&#8221;&#x55;||divi||400&#8243; masonry_tile_background_color=&#8221;#eae8e4&#8243; _builder_version=&#8221;4.21.0&#8243; _module_preset=&#8221;default&#8221; header_font=&#8221;Poppins|||on|||||&#8221; header_text_color=&#8221;#000000&#8243; header_font_size=&#8221;16px&#8221; header_letter_spacing=&#8221;3px&#8221; body_font=&#8221;Open Sans||||||||&#8221; meta_font=&#8221;Oxygen|300|||||||&#8221; meta_text_color=&#8221;#90a2a6&#8243; meta_font_size=&#8221;13px&#8221; animation_style=&#8221;zoom&#8221; animation_direction=&#8221;bottom&#8221; animation_delay=&#8221;100ms&#8221; animation_intensity_zoom=&#8221;4%&#8221; border_width_all=&#8221;0px&#8221; border_color_all_image=&#8221;RGBA(255,255,255,0)&#8221; global_colors_info=&#8221;{}&#8221; border_width_all__hover_enabled=&#8221;on|hover&#8221; border_width_all__hover=&#8221;0px&#8221; border_width_all_image__hover_enabled=&#8221;on|hover&#8221; border_width_all_image__hover=&#8221;0px&#8221;][\/et_pb_blog][\/et_pb_column][\/et_pb_row][\/et_pb_section][et_pb_section fb_built=&#8221;1&#8243; _builder_version=&#8221;4.21.0&#8243; _module_preset=&#8221;default&#8221; background_enable_color=&#8221;off&#8221; custom_padding=&#8221;||100px|||&#8221; global_colors_info=&#8221;{}&#8221;][et_pb_row _builder_version=&#8221;4.21.0&#8243; _module_preset=&#8221;default&#8221; global_colors_info=&#8221;{}&#8221;][et_pb_column type=&#8221;4_4&#8243; _builder_version=&#8221;4.21.0&#8243; _module_preset=&#8221;default&#8221; global_colors_info=&#8221;{}&#8221;][et_pb_text admin_label=&#8221;Discover Beatuty Title&#8221; _builder_version=&#8221;4.21.0&#8243; text_font=&#8221;||||&#8221; text_text_color=&#8221;#1a1a1a&#8221; header_font=&#8221;Oswald|on||on|&#8221; header_text_align=&#8221;left&#8221; header_font_size=&#8221;60px&#8221; header_line_height=&#8221;1.3em&#8221; header_2_font=&#8221;Poppins|700||on|||||&#8221; header_2_letter_spacing=&#8221;5px&#8221; header_2_line_height=&#8221;1.3em&#8221; animation_style=&#8221;slide&#8221; animation_direction=&#8221;%22fade_in%22&#8243; animation_duration=&#8221;500ms&#8221; animation_intensity_slide=&#8221;10%&#8221; global_colors_info=&#8221;{}&#8221;]<\/p>\n<h2 style=\"text-align: left;\">Szolg\u00e1ltat\u00e1sok<\/h2>\n<p>[\/et_pb_text][et_pb_text admin_label=&#8221;Discover Beatuty Sub Title&#8221; _builder_version=&#8221;4.21.0&#8243; text_font=&#8221;Roboto||||&#8221; text_text_color=&#8221;#1a1a1a&#8221; text_font_size=&#8221;24px&#8221; text_line_height=&#8221;1.4em&#8221; header_3_font=&#8221;|||on|||||&#8221; header_3_font_size=&#8221;20px&#8221; header_3_letter_spacing=&#8221;3px&#8221; header_3_line_height=&#8221;1.7em&#8221; animation_style=&#8221;slide&#8221; animation_direction=&#8221;top&#8221; animation_delay=&#8221;100ms&#8221; animation_intensity_slide=&#8221;10%&#8221; global_colors_info=&#8221;{}&#8221;]<\/p>\n<h3 style=\"text-align: left;\">N\u00e9zd meg lakberendez\u00e9si csomagaj\u00e1nlatainkat<\/h3>\n<p>[\/et_pb_text][et_pb_divider color=&#8221;#000000&#8243; divider_position=&#8221;center&#8221; divider_weight=&#8221;1px&#8221; disabled_on=&#8221;off|off|off&#8221; _builder_version=&#8221;4.21.0&#8243; max_width=&#8221;100px&#8221; height=&#8221;false&#8221; animation_style=&#8221;slide&#8221; animation_direction=&#8221;top&#8221; animation_delay=&#8221;200ms&#8221; animation_intensity_slide=&#8221;10%&#8221; global_colors_info=&#8221;{}&#8221;][\/et_pb_divider][et_pb_text _builder_version=&#8221;4.21.0&#8243; _module_preset=&#8221;default&#8221; text_font_size=&#8221;15px&#8221; header_4_font=&#8221;Open Sans|300|||||||&#8221; header_4_font_size=&#8221;20px&#8221; header_4_letter_spacing=&#8221;3px&#8221; header_4_line_height=&#8221;1.3em&#8221; global_colors_info=&#8221;{}&#8221;]<\/p>\n<h4 style=\"text-align: left;\">A kezdetekt\u0151l az utols\u00f3 sim\u00edt\u00e1sokig biztos kezekben szeretn\u00e9d tudni enteri\u0151r\u00f6d kialak\u00edt\u00e1s\u00e1t? B\u00fatorv\u00e1laszt\u00e1sban van sz\u00fcks\u00e9ged seg\u00edts\u00e9gre? Elad\u00f3 ingatlanodat szeretn\u00e9d felk\u00e9sz\u00edteni a fot\u00f3z\u00e1sra? Tan\u00e1csad\u00e1sra lenne sz\u00fcks\u00e9ged, hogy megval\u00f3s\u00edtsd az elk\u00e9pzel\u00e9seidet? N\u00e9gy k\u00fcl\u00f6nb\u00f6z\u0151 lakberendez\u00e9si csomagaj\u00e1nlatunk k\u00f6z\u00fcl v\u00e1laszd ki a sz\u00e1modra legink\u00e1bb megfelel\u0151t!<\/h4>\n<p>[\/et_pb_text][et_pb_button button_url=&#8221;https:\/\/morphology.hu\/index.php\/szolgaltatasok\/&#8221; button_text=&#8221;Megn\u00e9zem &#8221; button_alignment=&#8221;left&#8221; _builder_version=&#8221;4.21.0&#8243; custom_button=&#8221;on&#8221; button_text_size=&#8221;16px&#8221; button_text_color=&#8221;#000000&#8243; button_border_color=&#8221;#000000&#8243; button_border_radius=&#8221;0px&#8221; button_letter_spacing=&#8221;3px&#8221; button_font=&#8221;Poppins|||on|||||&#8221; button_icon=&#8221;&#x24;||divi||400&#8243; button_icon_color=&#8221;#1a1a1a&#8221; button_border_color_hover=&#8221;#1a1a1a&#8221; button_border_radius_hover=&#8221;0px&#8221; button_letter_spacing_hover=&#8221;4px&#8221; button_bg_color_hover=&#8221;rgba(0,0,0,0)&#8221; locked=&#8221;off&#8221; global_colors_info=&#8221;{}&#8221; button_text_size__hover_enabled=&#8221;off&#8221; button_one_text_size__hover_enabled=&#8221;off&#8221; button_two_text_size__hover_enabled=&#8221;off&#8221; button_text_color__hover_enabled=&#8221;off&#8221; button_one_text_color__hover_enabled=&#8221;off&#8221; button_two_text_color__hover_enabled=&#8221;off&#8221; button_border_width__hover_enabled=&#8221;off&#8221; button_one_border_width__hover_enabled=&#8221;off&#8221; button_two_border_width__hover_enabled=&#8221;off&#8221; button_border_color__hover_enabled=&#8221;on&#8221; button_border_color__hover=&#8221;#1a1a1a&#8221; button_one_border_color__hover_enabled=&#8221;off&#8221; button_two_border_color__hover_enabled=&#8221;off&#8221; button_border_radius__hover_enabled=&#8221;on&#8221; button_border_radius__hover=&#8221;0px&#8221; button_one_border_radius__hover_enabled=&#8221;off&#8221; button_two_border_radius__hover_enabled=&#8221;off&#8221; button_letter_spacing__hover_enabled=&#8221;on&#8221; button_letter_spacing__hover=&#8221;4px&#8221; button_one_letter_spacing__hover_enabled=&#8221;off&#8221; button_two_letter_spacing__hover_enabled=&#8221;off&#8221; button_bg_color__hover_enabled=&#8221;on&#8221; button_bg_color__hover=&#8221;rgba(0,0,0,0)&#8221; button_one_bg_color__hover_enabled=&#8221;off&#8221; button_two_bg_color__hover_enabled=&#8221;off&#8221;][\/et_pb_button][\/et_pb_column][\/et_pb_row][\/et_pb_section]<\/p>\n","protected":false},"excerpt":{"rendered":"<p>Blog\u00dcdv\u00f6z\u00f6llek a blogon!Hiszek abban, hogy minden, ami ir\u00e1nt \u00e9rdekl\u0151d\u00fcnk, el\u0151bb-ut\u00f3bb egy eg\u00e9ssz\u00e9 \u00e1ll \u00f6ssze. Ezen a blogon \u00e9ppen ez\u00e9rt k\u00fcl\u00f6nb\u00f6z\u0151 t\u00e9m\u00e1kr\u00f3l fogok \u00edrni, amik inspir\u00e1lnak a munk\u00e1mban, f\u0151leg sz\u00ednekr\u0151l, design-r\u00f3l, vizualit\u00e1sr\u00f3l, vagy ak\u00e1r egy-egy utaz\u00e1sr\u00f3l.Szolg\u00e1ltat\u00e1sokN\u00e9zd meg lakberendez\u00e9si csomagaj\u00e1nlatainkatA kezdetekt\u0151l az utols\u00f3 sim\u00edt\u00e1sokig biztos kezekben szeretn\u00e9d tudni enteri\u0151r\u00f6d kialak\u00edt\u00e1s\u00e1t? B\u00fatorv\u00e1laszt\u00e1sban van sz\u00fcks\u00e9ged seg\u00edts\u00e9gre? Elad\u00f3 ingatlanodat szeretn\u00e9d [&hellip;]<\/p>\n","protected":false},"author":1,"featured_media":0,"parent":0,"menu_order":0,"comment_status":"closed","ping_status":"closed","template":"","meta":{"_et_pb_use_builder":"on","_et_pb_old_content":"","_et_gb_content_width":"","footnotes":""},"class_list":["post-603","page","type-page","status-publish","hentry"],"_links":{"self":[{"href":"https:\/\/morphology.hu\/index.php\/wp-json\/wp\/v2\/pages\/603","targetHints":{"allow":["GET"]}}],"collection":[{"href":"https:\/\/morphology.hu\/index.php\/wp-json\/wp\/v2\/pages"}],"about":[{"href":"https:\/\/morphology.hu\/index.php\/wp-json\/wp\/v2\/types\/page"}],"author":[{"embeddable":true,"href":"https:\/\/morphology.hu\/index.php\/wp-json\/wp\/v2\/users\/1"}],"replies":[{"embeddable":true,"href":"https:\/\/morphology.hu\/index.php\/wp-json\/wp\/v2\/comments?post=603"}],"version-history":[{"count":9,"href":"https:\/\/morphology.hu\/index.php\/wp-json\/wp\/v2\/pages\/603\/revisions"}],"predecessor-version":[{"id":707,"href":"https:\/\/morphology.hu\/index.php\/wp-json\/wp\/v2\/pages\/603\/revisions\/707"}],"wp:attachment":[{"href":"https:\/\/morphology.hu\/index.php\/wp-json\/wp\/v2\/media?parent=603"}],"curies":[{"name":"wp","href":"https:\/\/api.w.org\/{rel}","templated":true}]}}