{"id":597,"date":"2023-06-15T11:32:49","date_gmt":"2023-06-15T11:32:49","guid":{"rendered":"https:\/\/morphology.hu\/?page_id=597"},"modified":"2023-06-22T10:27:38","modified_gmt":"2023-06-22T10:27:38","slug":"kapcsolat","status":"publish","type":"page","link":"https:\/\/morphology.hu\/index.php\/kapcsolat\/","title":{"rendered":"Kapcsolat"},"content":{"rendered":"<p>[et_pb_section fb_built=&#8221;1&#8243; _builder_version=&#8221;4.21.0&#8243; _module_preset=&#8221;default&#8221; background_color=&#8221;#eae8e4&#8243; background_enable_image=&#8221;off&#8221; parallax=&#8221;on&#8221; custom_padding=&#8221;0px||0px|||&#8221; animation_style=&#8221;zoom&#8221; animation_intensity_zoom=&#8221;4%&#8221; global_colors_info=&#8221;{}&#8221;][et_pb_row column_structure=&#8221;1_2,1_2&#8243; _builder_version=&#8221;4.21.0&#8243; _module_preset=&#8221;default&#8221; custom_padding=&#8221;0px||0px|||&#8221; global_colors_info=&#8221;{}&#8221;][et_pb_column type=&#8221;1_2&#8243; _builder_version=&#8221;4.21.0&#8243; _module_preset=&#8221;default&#8221; global_colors_info=&#8221;{}&#8221;][et_pb_text admin_label=&#8221;Kapcsolat Title&#8221; _builder_version=&#8221;4.21.0&#8243; text_font=&#8221;||||&#8221; text_text_color=&#8221;#1a1a1a&#8221; header_font=&#8221;Oswald|on||on|&#8221; header_text_align=&#8221;left&#8221; header_font_size=&#8221;60px&#8221; header_line_height=&#8221;1.3em&#8221; header_2_font=&#8221;Poppins|700||on|||||&#8221; header_2_letter_spacing=&#8221;5px&#8221; header_2_line_height=&#8221;1.3em&#8221; custom_padding=&#8221;60px||||false|false&#8221; animation_style=&#8221;slide&#8221; animation_direction=&#8221;%22fade_in%22&#8243; animation_duration=&#8221;500ms&#8221; animation_intensity_slide=&#8221;10%&#8221; global_colors_info=&#8221;{}&#8221;]<\/p>\n<h2 style=\"text-align: left;\">Kapcsolat<\/h2>\n<p>[\/et_pb_text][et_pb_text admin_label=&#8221;Kapcsolat Sub Title&#8221; _builder_version=&#8221;4.21.0&#8243; text_font=&#8221;Roboto||||&#8221; text_text_color=&#8221;#1a1a1a&#8221; text_font_size=&#8221;24px&#8221; text_line_height=&#8221;1.4em&#8221; header_3_font=&#8221;|||on|||||&#8221; header_3_font_size=&#8221;20px&#8221; header_3_letter_spacing=&#8221;3px&#8221; header_3_line_height=&#8221;1.7em&#8221; animation_style=&#8221;slide&#8221; animation_direction=&#8221;top&#8221; animation_delay=&#8221;100ms&#8221; animation_intensity_slide=&#8221;10%&#8221; global_colors_info=&#8221;{}&#8221;]<\/p>\n<h3 style=\"text-align: left;\">\u201cAll colours are the friends of their neighbors and the lovers of their opposites.\u201d \u2013 <em>Marc Chagall<\/em><\/h3>\n<p>[\/et_pb_text][et_pb_divider color=&#8221;#000000&#8243; divider_position=&#8221;center&#8221; divider_weight=&#8221;1px&#8221; disabled_on=&#8221;off|off|off&#8221; _builder_version=&#8221;4.21.0&#8243; max_width=&#8221;100px&#8221; height=&#8221;false&#8221; animation_style=&#8221;slide&#8221; animation_direction=&#8221;top&#8221; animation_delay=&#8221;200ms&#8221; animation_intensity_slide=&#8221;10%&#8221; global_colors_info=&#8221;{}&#8221;][\/et_pb_divider][et_pb_text _builder_version=&#8221;4.21.0&#8243; _module_preset=&#8221;default&#8221; text_font_size=&#8221;15px&#8221; header_4_font=&#8221;Open Sans|300|||||||&#8221; header_4_font_size=&#8221;20px&#8221; header_4_letter_spacing=&#8221;3px&#8221; header_4_line_height=&#8221;1.3em&#8221; hover_enabled=&#8221;0&#8243; global_colors_info=&#8221;{}&#8221; sticky_enabled=&#8221;0&#8243;]<\/p>\n<h4 style=\"text-align: left;\">Ha tetszenek a munk\u00e1im \u00e9s szeretn\u00e9l egyedi \u00e1raj\u00e1nlatot k\u00e9rni vagy valamelyik lakberendez\u00e9si szolg\u00e1ltat\u00e1sunk ir\u00e1nt \u00e9rdekl\u0151dsz, keress az al\u00e1bbi el\u00e9rhet\u0151s\u00e9geinken.<\/h4>\n<h4 style=\"text-align: left;\">Az \u00e1raj\u00e1nlat k\u00e9r\u00e9sekor k\u00e9r\u00fcnk, hogy \u00edrd le pontosan mit szeretn\u00e9l, mire van sz\u00fcks\u00e9ged, hogy igaz\u00e1n az ig\u00e9nyeidnek megfelel\u0151 megold\u00e1ssal tudjunk neked seg\u00edteni!<\/h4>\n<p>[\/et_pb_text][et_pb_icon font_icon=&#8221;&#x22;||divi||400&#8243; icon_color=&#8221;#000000&#8243; icon_width=&#8221;30px&#8221; url=&#8221;#kapcsolat&#8221; _builder_version=&#8221;4.21.0&#8243; _module_preset=&#8221;default&#8221; global_colors_info=&#8221;{}&#8221;][\/et_pb_icon][\/et_pb_column][et_pb_column type=&#8221;1_2&#8243; _builder_version=&#8221;4.21.0&#8243; _module_preset=&#8221;default&#8221; global_colors_info=&#8221;{}&#8221;][et_pb_image src=&#8221;https:\/\/morphology.hu\/wp-content\/uploads\/2023\/06\/Morphology_Tanacsadas_01_szolgaltatas_Morphology_Interior_Design_by_Lili_Sieto.jpg&#8221; title_text=&#8221;Morphology_Tanacsadas_01_szolgaltatas_Morphology_Interior_Design_by_Lili_Sieto&#8221; _builder_version=&#8221;4.21.0&#8243; _module_preset=&#8221;default&#8221; global_colors_info=&#8221;{}&#8221;][\/et_pb_image][\/et_pb_column][\/et_pb_row][\/et_pb_section]<\/p>\n","protected":false},"excerpt":{"rendered":"<p>Kapcsolat\u201cAll colours are the friends of their neighbors and the lovers of their opposites.\u201d \u2013 Marc ChagallHa tetszenek a munk\u00e1im \u00e9s szeretn\u00e9l egyedi \u00e1raj\u00e1nlatot k\u00e9rni vagy valamelyik lakberendez\u00e9si szolg\u00e1ltat\u00e1sunk ir\u00e1nt \u00e9rdekl\u0151dsz, keress az al\u00e1bbi el\u00e9rhet\u0151s\u00e9geinken. Az \u00e1raj\u00e1nlat k\u00e9r\u00e9sekor k\u00e9r\u00fcnk, hogy \u00edrd le pontosan mit szeretn\u00e9l, mire van sz\u00fcks\u00e9ged, hogy igaz\u00e1n az ig\u00e9nyeidnek megfelel\u0151 megold\u00e1ssal tudjunk [&hellip;]<\/p>\n","protected":false},"author":1,"featured_media":0,"parent":0,"menu_order":0,"comment_status":"closed","ping_status":"closed","template":"","meta":{"_et_pb_use_builder":"on","_et_pb_old_content":"","_et_gb_content_width":"","footnotes":""},"class_list":["post-597","page","type-page","status-publish","hentry"],"_links":{"self":[{"href":"https:\/\/morphology.hu\/index.php\/wp-json\/wp\/v2\/pages\/597","targetHints":{"allow":["GET"]}}],"collection":[{"href":"https:\/\/morphology.hu\/index.php\/wp-json\/wp\/v2\/pages"}],"about":[{"href":"https:\/\/morphology.hu\/index.php\/wp-json\/wp\/v2\/types\/page"}],"author":[{"embeddable":true,"href":"https:\/\/morphology.hu\/index.php\/wp-json\/wp\/v2\/users\/1"}],"replies":[{"embeddable":true,"href":"https:\/\/morphology.hu\/index.php\/wp-json\/wp\/v2\/comments?post=597"}],"version-history":[{"count":5,"href":"https:\/\/morphology.hu\/index.php\/wp-json\/wp\/v2\/pages\/597\/revisions"}],"predecessor-version":[{"id":862,"href":"https:\/\/morphology.hu\/index.php\/wp-json\/wp\/v2\/pages\/597\/revisions\/862"}],"wp:attachment":[{"href":"https:\/\/morphology.hu\/index.php\/wp-json\/wp\/v2\/media?parent=597"}],"curies":[{"name":"wp","href":"https:\/\/api.w.org\/{rel}","templated":true}]}}